{"id":1913,"date":"2021-02-22T19:43:55","date_gmt":"2021-02-22T18:43:55","guid":{"rendered":"https:\/\/nabo.de\/home\/"},"modified":"2025-07-07T20:13:30","modified_gmt":"2025-07-07T18:13:30","slug":"home","status":"publish","type":"page","link":"https:\/\/nabo.de\/en\/","title":{"rendered":"home"},"content":{"rendered":"\n<div class=\"gb-element-a0a2226e headerbild\">\n<div class=\"gb-element-1c0ea938 mittlerercontainer\">\n<h1 class=\"gb-text gb-text-6aefaf78\">NABO GASS<\/h1>\n\n\n\n<h3 class=\"gb-text gb-text-5c38781b\">Welcome to the Uferatelier &#8211; Studio for stained glass and art in architecture<\/h3>\n<\/div>\n<\/div>\n\n\n\n<h2 class=\"gb-text gb-text-18d18380 wp-block-heading\">THE UFERATELIER<\/h2>\n\n\n\n<p class=\"has-text-align-center\">Glass art from Wiesbaden.<\/p>\n\n\n\n<p>Here, artistic freedom meets traditional craftsmanship and innovative techniques. The focus is on multi-layered glass paintings and architectural works \u2013 created as an expression of free, contemporary art.<\/p>\n\n\n\n[dsgvo-youtube url=&#8221;https:\/\/www.youtube.com\/watch?v=RAx3XTxNa34&#8243; images=&#8221;https:\/\/nabo.de\/wp-content\/uploads\/2025\/07\/video-nabo.jpg&#8221; alt=&#8221;Video Nabo Gass Glask\u00fcnstler&#8221;][\/dsgvo-youtube]\n\n\n\n<h2 class=\"gb-text gb-text-e6d5aae3\">NEWS<\/h2>\n\n\n<div class=\"gb-container gb-container-a42bbd6d hochschieben alignfull\">\n<div class=\"gb-container gb-container-f4870515\">\n\n<div class=\"gb-grid-wrapper gb-grid-wrapper-575dca3e gb-query-loop-wrapper\">\n<div class=\"gb-grid-column gb-grid-column-5dd28dfe gb-query-loop-item post-6758 post type-post status-publish format-standard has-post-thumbnail hentry category-news-kat\"><div class=\"gb-container gb-container-5dd28dfe\">\n<figure class=\"gb-block-image gb-block-image-f3f0769e\"><a href=\"https:\/\/nabo.de\/en\/in-between-ausstellung-in-der-galerie-mariska-dirkx\/\"><img decoding=\"async\" width=\"1024\" height=\"965\" src=\"https:\/\/nabo.de\/wp-content\/uploads\/2026\/04\/in-Between-Glasbild-Nabo-Gass-2026-1024x965.jpg\" class=\"gb-image-f3f0769e\" alt=\"Nabo Gass, In Between, 46 x 46 cm, 2026\" srcset=\"https:\/\/nabo.de\/wp-content\/uploads\/2026\/04\/in-Between-Glasbild-Nabo-Gass-2026-1024x965.jpg 1024w, https:\/\/nabo.de\/wp-content\/uploads\/2026\/04\/in-Between-Glasbild-Nabo-Gass-2026-300x283.jpg 300w, https:\/\/nabo.de\/wp-content\/uploads\/2026\/04\/in-Between-Glasbild-Nabo-Gass-2026-768x723.jpg 768w, https:\/\/nabo.de\/wp-content\/uploads\/2026\/04\/in-Between-Glasbild-Nabo-Gass-2026-1536x1447.jpg 1536w, https:\/\/nabo.de\/wp-content\/uploads\/2026\/04\/in-Between-Glasbild-Nabo-Gass-2026-2048x1929.jpg 2048w, https:\/\/nabo.de\/wp-content\/uploads\/2026\/04\/in-Between-Glasbild-Nabo-Gass-2026-600x565.jpg 600w\" sizes=\"(max-width: 1024px) 100vw, 1024px\" \/><\/a><\/figure>\n\n<h2 class=\"gb-headline gb-headline-91233a7c nichtunderline gb-headline-text\"><a href=\"https:\/\/nabo.de\/en\/in-between-ausstellung-in-der-galerie-mariska-dirkx\/\">In Between &#8211; Ausstellung in der Galerie Mariska Dirkx<\/a><\/h2>\n\n<div class=\"gb-headline gb-headline-661c77d6 nichtunderline gb-headline-text\"><a href=\"https:\/\/nabo.de\/en\/in-between-ausstellung-in-der-galerie-mariska-dirkx\/\">Unter dem Titel In Between pr\u00e4sentiert Nabo neue Arbeiten in der Galerie Mariska Dirkx in Roermond. Im Zentrum &#8230; <a class=\"gb-dynamic-read-more\" href=\"https:\/\/nabo.de\/en\/in-between-ausstellung-in-der-galerie-mariska-dirkx\/\" aria-label=\"More on In Between &#8211; Ausstellung in der Galerie Mariska Dirkx\">mehr lesen<\/a><\/a><\/div>\n<\/div><\/div>\n\n<div class=\"gb-grid-column gb-grid-column-5dd28dfe gb-query-loop-item post-6735 post type-post status-publish format-standard has-post-thumbnail hentry category-news-kat\"><div class=\"gb-container gb-container-5dd28dfe\">\n<figure class=\"gb-block-image gb-block-image-f3f0769e\"><a href=\"https:\/\/nabo.de\/en\/kuenstlerportraet-ueber-nabo-im-baden-journal-erschienen\/\"><img decoding=\"async\" width=\"1024\" height=\"724\" src=\"https:\/\/nabo.de\/wp-content\/uploads\/2026\/03\/Nabo-Gass-Badenjournal-Titel-1024x724.jpg\" class=\"gb-image-f3f0769e\" alt=\"\" srcset=\"https:\/\/nabo.de\/wp-content\/uploads\/2026\/03\/Nabo-Gass-Badenjournal-Titel-1024x724.jpg 1024w, https:\/\/nabo.de\/wp-content\/uploads\/2026\/03\/Nabo-Gass-Badenjournal-Titel-300x212.jpg 300w, https:\/\/nabo.de\/wp-content\/uploads\/2026\/03\/Nabo-Gass-Badenjournal-Titel-768x543.jpg 768w, https:\/\/nabo.de\/wp-content\/uploads\/2026\/03\/Nabo-Gass-Badenjournal-Titel-1536x1086.jpg 1536w, https:\/\/nabo.de\/wp-content\/uploads\/2026\/03\/Nabo-Gass-Badenjournal-Titel-600x424.jpg 600w, https:\/\/nabo.de\/wp-content\/uploads\/2026\/03\/Nabo-Gass-Badenjournal-Titel.jpg 2000w\" sizes=\"(max-width: 1024px) 100vw, 1024px\" \/><\/a><\/figure>\n\n<h2 class=\"gb-headline gb-headline-91233a7c nichtunderline gb-headline-text\"><a href=\"https:\/\/nabo.de\/en\/kuenstlerportraet-ueber-nabo-im-baden-journal-erschienen\/\">K\u00fcnstlerportr\u00e4t \u00fcber Nabo im Baden Journal erschienen<\/a><\/h2>\n\n<div class=\"gb-headline gb-headline-661c77d6 nichtunderline gb-headline-text\"><a href=\"https:\/\/nabo.de\/en\/kuenstlerportraet-ueber-nabo-im-baden-journal-erschienen\/\">In der aktuellen Ausgabe des Baden Journal ist ein sch\u00f6nes K\u00fcnstlerportr\u00e4t \u00fcber Nabo erschienen. Die Ver\u00f6ffentlichung w\u00fcrdigt seine &#8230; <a class=\"gb-dynamic-read-more\" href=\"https:\/\/nabo.de\/en\/kuenstlerportraet-ueber-nabo-im-baden-journal-erschienen\/\" aria-label=\"More on K\u00fcnstlerportr\u00e4t \u00fcber Nabo im Baden Journal erschienen\">mehr lesen<\/a><\/a><\/div>\n<\/div><\/div>\n\n<div class=\"gb-grid-column gb-grid-column-5dd28dfe gb-query-loop-item post-6603 post type-post status-publish format-standard has-post-thumbnail hentry category-news-kat\"><div class=\"gb-container gb-container-5dd28dfe\">\n<figure class=\"gb-block-image gb-block-image-f3f0769e\"><a href=\"https:\/\/nabo.de\/en\/matinee-in-der-taunusstrasse-kunst-im-dialog-mit-raum-licht-und-architektur\/\"><img decoding=\"async\" width=\"1024\" height=\"799\" src=\"https:\/\/nabo.de\/wp-content\/uploads\/2025\/11\/IMG_1198-1024x799.jpeg\" class=\"gb-image-f3f0769e\" alt=\"Nabo Gass, Matinee Tanusstra\u00dfe, 2025\" srcset=\"https:\/\/nabo.de\/wp-content\/uploads\/2025\/11\/IMG_1198-1024x799.jpeg 1024w, https:\/\/nabo.de\/wp-content\/uploads\/2025\/11\/IMG_1198-300x234.jpeg 300w, https:\/\/nabo.de\/wp-content\/uploads\/2025\/11\/IMG_1198-768x599.jpeg 768w, https:\/\/nabo.de\/wp-content\/uploads\/2025\/11\/IMG_1198-1536x1198.jpeg 1536w, https:\/\/nabo.de\/wp-content\/uploads\/2025\/11\/IMG_1198-600x468.jpeg 600w, https:\/\/nabo.de\/wp-content\/uploads\/2025\/11\/IMG_1198.jpeg 2000w\" sizes=\"(max-width: 1024px) 100vw, 1024px\" \/><\/a><\/figure>\n\n<h2 class=\"gb-headline gb-headline-91233a7c nichtunderline gb-headline-text\"><a href=\"https:\/\/nabo.de\/en\/matinee-in-der-taunusstrasse-kunst-im-dialog-mit-raum-licht-und-architektur\/\">Matinee in Der Taunusstra\u00dfe \u2013 Kunst im Dialog mit Raum, Licht und Architektur<\/a><\/h2>\n\n<div class=\"gb-headline gb-headline-661c77d6 nichtunderline gb-headline-text\"><a href=\"https:\/\/nabo.de\/en\/matinee-in-der-taunusstrasse-kunst-im-dialog-mit-raum-licht-und-architektur\/\">Am 2. November fand in einem privaten Rahmen eine besondere Matinee mit Arbeiten von Nabo statt. Pr\u00e4sentiert wurden &#8230; <a class=\"gb-dynamic-read-more\" href=\"https:\/\/nabo.de\/en\/matinee-in-der-taunusstrasse-kunst-im-dialog-mit-raum-licht-und-architektur\/\" aria-label=\"More on Matinee in Der Taunusstra\u00dfe \u2013 Kunst im Dialog mit Raum, Licht und Architektur\">mehr lesen<\/a><\/a><\/div>\n<\/div><\/div>\n<\/div>\n\n\n<div style=\"height:30px\" aria-hidden=\"true\" class=\"wp-block-spacer\"><\/div>\n\n\n<\/div>\n<\/div>\n\n\n<h2 class=\"gb-text gb-text-1b3c727c\">ART WORKS<\/h2>\n\n\n<div class=\"gb-container gb-container-557325c9 hochschieben alignfull\">\n<div class=\"gb-container gb-container-414aa5f4\">\n\n<div class=\"gb-grid-wrapper gb-grid-wrapper-9bda58ac gb-query-loop-wrapper\">\n<div class=\"gb-grid-column gb-grid-column-37e2cad3 gb-query-loop-item post-1937 page type-page status-publish has-post-thumbnail\"><div class=\"gb-container gb-container-37e2cad3\">\n<figure class=\"gb-block-image gb-block-image-10b64f77\"><a href=\"https:\/\/nabo.de\/en\/works\/objects\/\"><img decoding=\"async\" width=\"640\" height=\"481\" src=\"https:\/\/nabo.de\/wp-content\/uploads\/2021\/02\/uccelli-teaser.gif\" class=\"gb-image-10b64f77\" alt=\"\" \/><\/a><\/figure>\n\n<h2 class=\"gb-headline gb-headline-96b6f8ec nichtunderline gb-headline-text\"><a href=\"https:\/\/nabo.de\/en\/works\/objects\/\">Objects<\/a><\/h2>\n\n<div class=\"gb-headline gb-headline-2b2b1cda nichtunderline gb-headline-text\"><a href=\"https:\/\/nabo.de\/en\/works\/objects\/\">Art project &#8220;Uccelli Migratori&#8221; (migratory birds)In the summer of 2008 the first Uccelli Migratori landed in the sculpture &#8230; <a class=\"gb-dynamic-read-more\" href=\"https:\/\/nabo.de\/en\/works\/objects\/\" aria-label=\"More on Objects\">mehr lesen<\/a><\/a><\/div>\n<\/div><\/div>\n\n<div class=\"gb-grid-column gb-grid-column-37e2cad3 gb-query-loop-item post-1927 page type-page status-publish has-post-thumbnail\"><div class=\"gb-container gb-container-37e2cad3\">\n<figure class=\"gb-block-image gb-block-image-10b64f77\"><a href=\"https:\/\/nabo.de\/en\/works\/glass-sculptures\/\"><img decoding=\"async\" width=\"1000\" height=\"810\" src=\"https:\/\/nabo.de\/wp-content\/uploads\/2020\/09\/Aufbruch-der-Scho\u0308nheit-Stahl-Glas-Objekt-Nabo-Gass_web-e1600231422447.jpg\" class=\"gb-image-10b64f77\" alt=\"Glasskulpturen\" srcset=\"https:\/\/nabo.de\/wp-content\/uploads\/2020\/09\/Aufbruch-der-Scho\u0308nheit-Stahl-Glas-Objekt-Nabo-Gass_web-e1600231422447.jpg 1000w, https:\/\/nabo.de\/wp-content\/uploads\/2020\/09\/Aufbruch-der-Scho\u0308nheit-Stahl-Glas-Objekt-Nabo-Gass_web-e1600231422447-600x486.jpg 600w, https:\/\/nabo.de\/wp-content\/uploads\/2020\/09\/Aufbruch-der-Scho\u0308nheit-Stahl-Glas-Objekt-Nabo-Gass_web-e1600231422447-300x243.jpg 300w, https:\/\/nabo.de\/wp-content\/uploads\/2020\/09\/Aufbruch-der-Scho\u0308nheit-Stahl-Glas-Objekt-Nabo-Gass_web-e1600231422447-768x622.jpg 768w\" sizes=\"(max-width: 1000px) 100vw, 1000px\" \/><\/a><\/figure>\n\n<h2 class=\"gb-headline gb-headline-96b6f8ec nichtunderline gb-headline-text\"><a href=\"https:\/\/nabo.de\/en\/works\/glass-sculptures\/\">Glass sculptures<\/a><\/h2>\n\n<div class=\"gb-headline gb-headline-2b2b1cda nichtunderline gb-headline-text\"><a href=\"https:\/\/nabo.de\/en\/works\/glass-sculptures\/\">In addition to the pictures, 3-dimensional glass objects and sculptures are also created in the Uferatelier.In his most &#8230; <a class=\"gb-dynamic-read-more\" href=\"https:\/\/nabo.de\/en\/works\/glass-sculptures\/\" aria-label=\"More on Glass sculptures\">mehr lesen<\/a><\/a><\/div>\n<\/div><\/div>\n\n<div class=\"gb-grid-column gb-grid-column-37e2cad3 gb-query-loop-item post-1919 page type-page status-publish has-post-thumbnail\"><div class=\"gb-container gb-container-37e2cad3\">\n<figure class=\"gb-block-image gb-block-image-10b64f77\"><a href=\"https:\/\/nabo.de\/en\/works\/stained-glass\/\"><img decoding=\"async\" width=\"800\" height=\"607\" src=\"https:\/\/nabo.de\/wp-content\/uploads\/2020\/09\/Maria-Maria-Glasbild-Nabo_web_Kreuzkirche-gross.jpg\" class=\"gb-image-10b64f77\" alt=\"Maria Maria glass picture Nabo Gass\" srcset=\"https:\/\/nabo.de\/wp-content\/uploads\/2020\/09\/Maria-Maria-Glasbild-Nabo_web_Kreuzkirche-gross.jpg 800w, https:\/\/nabo.de\/wp-content\/uploads\/2020\/09\/Maria-Maria-Glasbild-Nabo_web_Kreuzkirche-gross-600x455.jpg 600w, https:\/\/nabo.de\/wp-content\/uploads\/2020\/09\/Maria-Maria-Glasbild-Nabo_web_Kreuzkirche-gross-300x228.jpg 300w, https:\/\/nabo.de\/wp-content\/uploads\/2020\/09\/Maria-Maria-Glasbild-Nabo_web_Kreuzkirche-gross-768x583.jpg 768w\" sizes=\"(max-width: 800px) 100vw, 800px\" \/><\/a><\/figure>\n\n<h2 class=\"gb-headline gb-headline-96b6f8ec nichtunderline gb-headline-text\"><a href=\"https:\/\/nabo.de\/en\/works\/stained-glass\/\">Stained glass<\/a><\/h2>\n\n<div class=\"gb-headline gb-headline-2b2b1cda nichtunderline gb-headline-text\"><a href=\"https:\/\/nabo.de\/en\/works\/stained-glass\/\">Painting with glass is characteristic of Nabo&#8217;s art. Its technique is unique in modern glass painting. The colored &#8230; <a class=\"gb-dynamic-read-more\" href=\"https:\/\/nabo.de\/en\/works\/stained-glass\/\" aria-label=\"More on Stained glass\">mehr lesen<\/a><\/a><\/div>\n<\/div><\/div>\n<\/div>\n\n<\/div>\n<\/div>\n\n\n<p>&nbsp;<\/p>\n\n\n\n<h2 class=\"gb-text gb-text-3e9f6f38\">PROJECTS<\/h2>\n\n\n<div class=\"gb-container gb-container-114db027 hochschieben alignfull\">\n<div class=\"gb-container gb-container-1544aa6c\">\n\n<div class=\"gb-grid-wrapper gb-grid-wrapper-dc51df64 gb-query-loop-wrapper\">\n<div class=\"gb-grid-column gb-grid-column-4c4be07d gb-query-loop-item post-6129 page type-page status-publish has-post-thumbnail\"><div class=\"gb-container gb-container-4c4be07d\">\n<figure class=\"gb-block-image gb-block-image-9974f325\"><a href=\"https:\/\/nabo.de\/en\/art-and-architecture\/art-in-public-space\/\"><img decoding=\"async\" width=\"1024\" height=\"717\" src=\"https:\/\/nabo.de\/wp-content\/uploads\/2020\/09\/wall-of-fame-Kurhaus-Wiesbaden-scaled-1024x717.jpg\" class=\"gb-image-9974f325\" alt=\"\" srcset=\"https:\/\/nabo.de\/wp-content\/uploads\/2020\/09\/wall-of-fame-Kurhaus-Wiesbaden-scaled-1024x717.jpg 1024w, https:\/\/nabo.de\/wp-content\/uploads\/2020\/09\/wall-of-fame-Kurhaus-Wiesbaden-scaled-600x420.jpg 600w, https:\/\/nabo.de\/wp-content\/uploads\/2020\/09\/wall-of-fame-Kurhaus-Wiesbaden-scaled-300x210.jpg 300w, https:\/\/nabo.de\/wp-content\/uploads\/2020\/09\/wall-of-fame-Kurhaus-Wiesbaden-scaled-768x538.jpg 768w, https:\/\/nabo.de\/wp-content\/uploads\/2020\/09\/wall-of-fame-Kurhaus-Wiesbaden-scaled-1536x1075.jpg 1536w, https:\/\/nabo.de\/wp-content\/uploads\/2020\/09\/wall-of-fame-Kurhaus-Wiesbaden-scaled-2048x1434.jpg 2048w, https:\/\/nabo.de\/wp-content\/uploads\/2020\/09\/wall-of-fame-Kurhaus-Wiesbaden-scaled-1080x756.jpg 1080w\" sizes=\"(max-width: 1024px) 100vw, 1024px\" \/><\/a><\/figure>\n\n<h2 class=\"gb-headline gb-headline-bb1b491b nichtunderline gb-headline-text\"><a href=\"https:\/\/nabo.de\/en\/art-and-architecture\/art-in-public-space\/\">Art in Public Space<\/a><\/h2>\n\n<div class=\"gb-headline gb-headline-d4d3aac8 nichtunderline gb-headline-text\"><a href=\"https:\/\/nabo.de\/en\/art-and-architecture\/art-in-public-space\/\">Nabo&#8217;s works in public spaces can be seen at the German Museum of Stained Glass in Linnich, the &#8230; <a class=\"gb-dynamic-read-more\" href=\"https:\/\/nabo.de\/en\/art-and-architecture\/art-in-public-space\/\" aria-label=\"More on Art in Public Space\">mehr lesen<\/a><\/a><\/div>\n<\/div><\/div>\n\n<div class=\"gb-grid-column gb-grid-column-4c4be07d gb-query-loop-item post-6127 page type-page status-publish has-post-thumbnail\"><div class=\"gb-container gb-container-4c4be07d\">\n<figure class=\"gb-block-image gb-block-image-9974f325\"><a href=\"https:\/\/nabo.de\/en\/art-and-architecture\/art-in-building-facade-design\/\"><img decoding=\"async\" width=\"1024\" height=\"822\" src=\"https:\/\/nabo.de\/wp-content\/uploads\/2020\/09\/via-publica-kureck-wiesbaden-nabo-ga-detailaufnahme1-1-1024x822.jpg\" class=\"gb-image-9974f325\" alt=\"\" srcset=\"https:\/\/nabo.de\/wp-content\/uploads\/2020\/09\/via-publica-kureck-wiesbaden-nabo-ga-detailaufnahme1-1-1024x822.jpg 1024w, https:\/\/nabo.de\/wp-content\/uploads\/2020\/09\/via-publica-kureck-wiesbaden-nabo-ga-detailaufnahme1-1-600x482.jpg 600w, https:\/\/nabo.de\/wp-content\/uploads\/2020\/09\/via-publica-kureck-wiesbaden-nabo-ga-detailaufnahme1-1-300x241.jpg 300w, https:\/\/nabo.de\/wp-content\/uploads\/2020\/09\/via-publica-kureck-wiesbaden-nabo-ga-detailaufnahme1-1-768x617.jpg 768w, https:\/\/nabo.de\/wp-content\/uploads\/2020\/09\/via-publica-kureck-wiesbaden-nabo-ga-detailaufnahme1-1-1536x1234.jpg 1536w, https:\/\/nabo.de\/wp-content\/uploads\/2020\/09\/via-publica-kureck-wiesbaden-nabo-ga-detailaufnahme1-1-2048x1645.jpg 2048w, https:\/\/nabo.de\/wp-content\/uploads\/2020\/09\/via-publica-kureck-wiesbaden-nabo-ga-detailaufnahme1-1-1080x867.jpg 1080w\" sizes=\"(max-width: 1024px) 100vw, 1024px\" \/><\/a><\/figure>\n\n<h2 class=\"gb-headline gb-headline-bb1b491b nichtunderline gb-headline-text\"><a href=\"https:\/\/nabo.de\/en\/art-and-architecture\/art-in-building-facade-design\/\">Art in Building | Facade Design<\/a><\/h2>\n\n<div class=\"gb-headline gb-headline-d4d3aac8 nichtunderline gb-headline-text\"><a href=\"https:\/\/nabo.de\/en\/art-and-architecture\/art-in-building-facade-design\/\">What lends modern architecture a futuristic character are its glass facades. A challenge that Nabo Gass has been &#8230; <a class=\"gb-dynamic-read-more\" href=\"https:\/\/nabo.de\/en\/art-and-architecture\/art-in-building-facade-design\/\" aria-label=\"More on Art in Building | Facade Design\">mehr lesen<\/a><\/a><\/div>\n<\/div><\/div>\n\n<div class=\"gb-grid-column gb-grid-column-4c4be07d gb-query-loop-item post-1987 page type-page status-publish has-post-thumbnail\"><div class=\"gb-container gb-container-4c4be07d\">\n<figure class=\"gb-block-image gb-block-image-9974f325\"><a href=\"https:\/\/nabo.de\/en\/art-and-architecture\/architecture\/\"><img decoding=\"async\" width=\"1024\" height=\"618\" src=\"https:\/\/nabo.de\/wp-content\/uploads\/2020\/09\/Sakura-Foto-II-1-1-1024x618.jpeg\" class=\"gb-image-9974f325\" alt=\"\" srcset=\"https:\/\/nabo.de\/wp-content\/uploads\/2020\/09\/Sakura-Foto-II-1-1-1024x618.jpeg 1024w, https:\/\/nabo.de\/wp-content\/uploads\/2020\/09\/Sakura-Foto-II-1-1-600x362.jpeg 600w, https:\/\/nabo.de\/wp-content\/uploads\/2020\/09\/Sakura-Foto-II-1-1-300x181.jpeg 300w, https:\/\/nabo.de\/wp-content\/uploads\/2020\/09\/Sakura-Foto-II-1-1-768x463.jpeg 768w, https:\/\/nabo.de\/wp-content\/uploads\/2020\/09\/Sakura-Foto-II-1-1-1080x651.jpeg 1080w, https:\/\/nabo.de\/wp-content\/uploads\/2020\/09\/Sakura-Foto-II-1-1-980x591.jpeg 980w, https:\/\/nabo.de\/wp-content\/uploads\/2020\/09\/Sakura-Foto-II-1-1-480x290.jpeg 480w, https:\/\/nabo.de\/wp-content\/uploads\/2020\/09\/Sakura-Foto-II-1-1.jpeg 1280w\" sizes=\"(max-width: 1024px) 100vw, 1024px\" \/><\/a><\/figure>\n\n<h2 class=\"gb-headline gb-headline-bb1b491b nichtunderline gb-headline-text\"><a href=\"https:\/\/nabo.de\/en\/art-and-architecture\/architecture\/\">Architecture Projects<\/a><\/h2>\n\n<div class=\"gb-headline gb-headline-d4d3aac8 nichtunderline gb-headline-text\"><a href=\"https:\/\/nabo.de\/en\/art-and-architecture\/architecture\/\">\u201cIn modern architecture, glass plays a dominant role. Our living spaces have become more open, more transparent. At &#8230; <a class=\"gb-dynamic-read-more\" href=\"https:\/\/nabo.de\/en\/art-and-architecture\/architecture\/\" aria-label=\"More on Architecture Projects\">mehr lesen<\/a><\/a><\/div>\n<\/div><\/div>\n<\/div>\n\n<\/div>\n<\/div>\n\n\n<p><\/p>\n","protected":false},"excerpt":{"rendered":"<p>NABO GASS Welcome to the Uferatelier &#8211; Studio for stained glass and art in architecture THE UFERATELIER Glass art from Wiesbaden. Here, artistic freedom meets traditional craftsmanship and innovative techniques. The focus is on multi-layered glass paintings and architectural works \u2013 created as an expression of free, contemporary art. [dsgvo-youtube url=&#8221;https:\/\/www.youtube.com\/watch?v=RAx3XTxNa34&#8243; images=&#8221;https:\/\/nabo.de\/wp-content\/uploads\/2025\/07\/video-nabo.jpg&#8221; alt=&#8221;Video Nabo Gass &#8230; <a title=\"home\" class=\"read-more\" href=\"https:\/\/nabo.de\/en\/\" aria-label=\"Read more about home\">Weiterlesen &#8230;<\/a><\/p>\n","protected":false},"author":1,"featured_media":0,"parent":0,"menu_order":0,"comment_status":"closed","ping_status":"closed","template":"","meta":{"footnotes":""},"class_list":["post-1913","page","type-page","status-publish"],"yoast_head":"<!-- This site is optimized with the Yoast SEO plugin v27.4 - https:\/\/yoast.com\/product\/yoast-seo-wordpress\/ -->\n<title>home - nabo<\/title>\n<meta name=\"robots\" content=\"index, follow, max-snippet:-1, max-image-preview:large, max-video-preview:-1\" \/>\n<link rel=\"canonical\" href=\"https:\/\/nabo.de\/en\/\" \/>\n<meta property=\"og:locale\" content=\"en_US\" \/>\n<meta property=\"og:type\" content=\"article\" \/>\n<meta property=\"og:title\" content=\"home - nabo\" \/>\n<meta property=\"og:description\" content=\"NABO GASS Welcome to the Uferatelier &#8211; Studio for stained glass and art in architecture THE UFERATELIER Glass art from Wiesbaden. Here, artistic freedom meets traditional craftsmanship and innovative techniques. The focus is on multi-layered glass paintings and architectural works \u2013 created as an expression of free, contemporary art. [dsgvo-youtube url=&#8221;https:\/\/www.youtube.com\/watch?v=RAx3XTxNa34&#8243; images=&#8221;https:\/\/nabo.de\/wp-content\/uploads\/2025\/07\/video-nabo.jpg&#8221; alt=&#8221;Video Nabo Gass ... Weiterlesen ...\" \/>\n<meta property=\"og:url\" content=\"https:\/\/nabo.de\/en\/\" \/>\n<meta property=\"og:site_name\" content=\"nabo\" \/>\n<meta property=\"article:modified_time\" content=\"2025-07-07T18:13:30+00:00\" \/>\n<meta name=\"twitter:card\" content=\"summary_large_image\" \/>\n<meta name=\"twitter:label1\" content=\"Est. reading time\" \/>\n\t<meta name=\"twitter:data1\" content=\"1 minute\" \/>\n<script type=\"application\/ld+json\" class=\"yoast-schema-graph\">{\"@context\":\"https:\\\/\\\/schema.org\",\"@graph\":[{\"@type\":\"WebPage\",\"@id\":\"https:\\\/\\\/nabo.de\\\/en\\\/\",\"url\":\"https:\\\/\\\/nabo.de\\\/en\\\/\",\"name\":\"home - nabo\",\"isPartOf\":{\"@id\":\"https:\\\/\\\/nabo.de\\\/#website\"},\"datePublished\":\"2021-02-22T18:43:55+00:00\",\"dateModified\":\"2025-07-07T18:13:30+00:00\",\"breadcrumb\":{\"@id\":\"https:\\\/\\\/nabo.de\\\/en\\\/#breadcrumb\"},\"inLanguage\":\"en-US\",\"potentialAction\":[{\"@type\":\"ReadAction\",\"target\":[\"https:\\\/\\\/nabo.de\\\/en\\\/\"]}]},{\"@type\":\"BreadcrumbList\",\"@id\":\"https:\\\/\\\/nabo.de\\\/en\\\/#breadcrumb\",\"itemListElement\":[{\"@type\":\"ListItem\",\"position\":1,\"name\":\"Startseite\",\"item\":\"https:\\\/\\\/nabo.de\\\/en\\\/\"},{\"@type\":\"ListItem\",\"position\":2,\"name\":\"home\"}]},{\"@type\":\"WebSite\",\"@id\":\"https:\\\/\\\/nabo.de\\\/#website\",\"url\":\"https:\\\/\\\/nabo.de\\\/\",\"name\":\"nabo\",\"description\":\"atelier f\u00fcr glasmalerei und kunst am bau\",\"publisher\":{\"@id\":\"https:\\\/\\\/nabo.de\\\/#organization\"},\"potentialAction\":[{\"@type\":\"SearchAction\",\"target\":{\"@type\":\"EntryPoint\",\"urlTemplate\":\"https:\\\/\\\/nabo.de\\\/?s={search_term_string}\"},\"query-input\":{\"@type\":\"PropertyValueSpecification\",\"valueRequired\":true,\"valueName\":\"search_term_string\"}}],\"inLanguage\":\"en-US\"},{\"@type\":\"Organization\",\"@id\":\"https:\\\/\\\/nabo.de\\\/#organization\",\"name\":\"nabo\",\"url\":\"https:\\\/\\\/nabo.de\\\/\",\"logo\":{\"@type\":\"ImageObject\",\"inLanguage\":\"en-US\",\"@id\":\"https:\\\/\\\/nabo.de\\\/#\\\/schema\\\/logo\\\/image\\\/\",\"url\":\"https:\\\/\\\/nabo.de\\\/wp-content\\\/uploads\\\/2025\\\/03\\\/cropped-logo-vector.png\",\"contentUrl\":\"https:\\\/\\\/nabo.de\\\/wp-content\\\/uploads\\\/2025\\\/03\\\/cropped-logo-vector.png\",\"width\":400,\"height\":125,\"caption\":\"nabo\"},\"image\":{\"@id\":\"https:\\\/\\\/nabo.de\\\/#\\\/schema\\\/logo\\\/image\\\/\"}}]}<\/script>\n<!-- \/ Yoast SEO plugin. -->","yoast_head_json":{"title":"home - nabo","robots":{"index":"index","follow":"follow","max-snippet":"max-snippet:-1","max-image-preview":"max-image-preview:large","max-video-preview":"max-video-preview:-1"},"canonical":"https:\/\/nabo.de\/en\/","og_locale":"en_US","og_type":"article","og_title":"home - nabo","og_description":"NABO GASS Welcome to the Uferatelier &#8211; Studio for stained glass and art in architecture THE UFERATELIER Glass art from Wiesbaden. Here, artistic freedom meets traditional craftsmanship and innovative techniques. The focus is on multi-layered glass paintings and architectural works \u2013 created as an expression of free, contemporary art. [dsgvo-youtube url=&#8221;https:\/\/www.youtube.com\/watch?v=RAx3XTxNa34&#8243; images=&#8221;https:\/\/nabo.de\/wp-content\/uploads\/2025\/07\/video-nabo.jpg&#8221; alt=&#8221;Video Nabo Gass ... Weiterlesen ...","og_url":"https:\/\/nabo.de\/en\/","og_site_name":"nabo","article_modified_time":"2025-07-07T18:13:30+00:00","twitter_card":"summary_large_image","twitter_misc":{"Est. reading time":"1 minute"},"schema":{"@context":"https:\/\/schema.org","@graph":[{"@type":"WebPage","@id":"https:\/\/nabo.de\/en\/","url":"https:\/\/nabo.de\/en\/","name":"home - nabo","isPartOf":{"@id":"https:\/\/nabo.de\/#website"},"datePublished":"2021-02-22T18:43:55+00:00","dateModified":"2025-07-07T18:13:30+00:00","breadcrumb":{"@id":"https:\/\/nabo.de\/en\/#breadcrumb"},"inLanguage":"en-US","potentialAction":[{"@type":"ReadAction","target":["https:\/\/nabo.de\/en\/"]}]},{"@type":"BreadcrumbList","@id":"https:\/\/nabo.de\/en\/#breadcrumb","itemListElement":[{"@type":"ListItem","position":1,"name":"Startseite","item":"https:\/\/nabo.de\/en\/"},{"@type":"ListItem","position":2,"name":"home"}]},{"@type":"WebSite","@id":"https:\/\/nabo.de\/#website","url":"https:\/\/nabo.de\/","name":"nabo","description":"atelier f\u00fcr glasmalerei und kunst am bau","publisher":{"@id":"https:\/\/nabo.de\/#organization"},"potentialAction":[{"@type":"SearchAction","target":{"@type":"EntryPoint","urlTemplate":"https:\/\/nabo.de\/?s={search_term_string}"},"query-input":{"@type":"PropertyValueSpecification","valueRequired":true,"valueName":"search_term_string"}}],"inLanguage":"en-US"},{"@type":"Organization","@id":"https:\/\/nabo.de\/#organization","name":"nabo","url":"https:\/\/nabo.de\/","logo":{"@type":"ImageObject","inLanguage":"en-US","@id":"https:\/\/nabo.de\/#\/schema\/logo\/image\/","url":"https:\/\/nabo.de\/wp-content\/uploads\/2025\/03\/cropped-logo-vector.png","contentUrl":"https:\/\/nabo.de\/wp-content\/uploads\/2025\/03\/cropped-logo-vector.png","width":400,"height":125,"caption":"nabo"},"image":{"@id":"https:\/\/nabo.de\/#\/schema\/logo\/image\/"}}]}},"_links":{"self":[{"href":"https:\/\/nabo.de\/en\/wp-json\/wp\/v2\/pages\/1913","targetHints":{"allow":["GET"]}}],"collection":[{"href":"https:\/\/nabo.de\/en\/wp-json\/wp\/v2\/pages"}],"about":[{"href":"https:\/\/nabo.de\/en\/wp-json\/wp\/v2\/types\/page"}],"author":[{"embeddable":true,"href":"https:\/\/nabo.de\/en\/wp-json\/wp\/v2\/users\/1"}],"replies":[{"embeddable":true,"href":"https:\/\/nabo.de\/en\/wp-json\/wp\/v2\/comments?post=1913"}],"version-history":[{"count":2,"href":"https:\/\/nabo.de\/en\/wp-json\/wp\/v2\/pages\/1913\/revisions"}],"predecessor-version":[{"id":6310,"href":"https:\/\/nabo.de\/en\/wp-json\/wp\/v2\/pages\/1913\/revisions\/6310"}],"wp:attachment":[{"href":"https:\/\/nabo.de\/en\/wp-json\/wp\/v2\/media?parent=1913"}],"curies":[{"name":"wp","href":"https:\/\/api.w.org\/{rel}","templated":true}]}}