{"id":6107,"date":"2025-07-04T11:56:57","date_gmt":"2025-07-04T09:56:57","guid":{"rendered":"https:\/\/nabo.de\/?page_id=6107"},"modified":"2025-07-04T11:56:58","modified_gmt":"2025-07-04T09:56:58","slug":"imprint","status":"publish","type":"page","link":"https:\/\/nabo.de\/en\/imprint\/","title":{"rendered":"Imprint"},"content":{"rendered":"\n<p><strong>Angaben gem\u00e4\u00df \u00a75 TMG<\/strong><br>Nabo Gass<br>Rheingaustra\u00dfe 85b<br>65203 Wiesbaden<\/p>\n\n\n\n<p><strong>Inhaber:<\/strong><br>Nabo Gass<\/p>\n\n\n\n<p><strong>Kontakt:<\/strong><br>E-Mail:&nbsp;<a href=\"mailto:info@nabo.de\">info@nabo.de<\/a><\/p>\n\n\n\n<p><strong>Umsatzsteuer-ID:<\/strong><br>Umsatzsteuer-Identifikationsnummer gem\u00e4\u00df \u00a7 27 a<br>Umsatzsteuergesetz:&nbsp;DE113775254<\/p>\n\n\n\n<p><strong>Haftung f\u00fcr Inhalte<\/strong><br>Die Inhalte unserer Seiten wurden mit gr\u00f6\u00dfter Sorgfalt erstellt. F\u00fcr die Richtigkeit, Vollst\u00e4ndigkeit und Aktualit\u00e4t der Inhalte k\u00f6nnen wir jedoch keine Gew\u00e4hr \u00fcbernehmen. Als Diensteanbieter sind wir gem\u00e4\u00df \u00a7 7 Abs.1 TMG f\u00fcr eigene Inhalte auf diesen Seiten nach den allgemeinen Gesetzen verantwortlich. Nach \u00a7\u00a7 8 bis 10 TMG sind wir als Diensteanbieter jedoch nicht verpflichtet, \u00fcbermittelte oder gespeicherte fremde Informationen zu \u00fcberwachen oder nach Umst\u00e4nden zu forschen, die auf eine rechtswidrige T\u00e4tigkeit hinweisen. Verpflichtungen zur Entfernung oder Sperrung der Nutzung von Informationen nach den allgemeinen Gesetzen bleiben hiervon unber\u00fchrt. Eine diesbez\u00fcgliche Haftung ist jedoch erst ab dem Zeitpunkt der Kenntnis einer konkreten Rechtsverletzung m\u00f6glich. Bei Bekanntwerden von entsprechenden Rechtsverletzungen werden wir diese Inhalte umgehend entfernen.<\/p>\n\n\n\n<p><strong>Haftung f\u00fcr Links<\/strong><br>Unser Angebot enth\u00e4lt Links zu externen Webseiten Dritter, auf deren Inhalte wir keinen Einfluss haben. Deshalb k\u00f6nnen wir f\u00fcr diese fremden Inhalte auch keine Gew\u00e4hr \u00fcbernehmen. F\u00fcr die Inhalte der verlinkten Seiten ist stets der jeweilige Anbieter oder Betreiber der Seiten verantwortlich. Die verlinkten Seiten wurden zum Zeitpunkt der Verlinkung auf m\u00f6gliche Rechtsverst\u00f6\u00dfe \u00fcberpr\u00fcft. Rechtswidrige Inhalte waren zum Zeitpunkt der Verlinkung nicht erkennbar. Eine permanente inhaltliche Kontrolle der verlinkten Seiten ist jedoch ohne konkrete Anhaltspunkte einer Rechtsverletzung nicht zumutbar. Bei Bekanntwerden von Rechtsverletzungen werden wir derartige Links umgehend entfernen.<\/p>\n\n\n\n<p><strong>Gestaltung und technische Umsetzung<\/strong><br><a href=\"https:\/\/www.robin-marketing.com\" target=\"_blank\" rel=\"noreferrer noopener\">Robin Webdesign aus Wiesbaden<\/a><\/p>\n","protected":false},"excerpt":{"rendered":"<p>Angaben gem\u00e4\u00df \u00a75 TMGNabo GassRheingaustra\u00dfe 85b65203 Wiesbaden Inhaber:Nabo Gass Kontakt:E-Mail:&nbsp;info@nabo.de Umsatzsteuer-ID:Umsatzsteuer-Identifikationsnummer gem\u00e4\u00df \u00a7 27 aUmsatzsteuergesetz:&nbsp;DE113775254 Haftung f\u00fcr InhalteDie Inhalte unserer Seiten wurden mit gr\u00f6\u00dfter Sorgfalt erstellt. F\u00fcr die Richtigkeit, Vollst\u00e4ndigkeit und Aktualit\u00e4t der Inhalte k\u00f6nnen wir jedoch keine Gew\u00e4hr \u00fcbernehmen. Als Diensteanbieter sind wir gem\u00e4\u00df \u00a7 7 Abs.1 TMG f\u00fcr eigene Inhalte auf diesen Seiten &#8230; <a title=\"Imprint\" class=\"read-more\" href=\"https:\/\/nabo.de\/en\/imprint\/\" aria-label=\"Read more about Imprint\">Weiterlesen &#8230;<\/a><\/p>\n","protected":false},"author":30,"featured_media":0,"parent":0,"menu_order":0,"comment_status":"closed","ping_status":"closed","template":"","meta":{"footnotes":""},"class_list":["post-6107","page","type-page","status-publish"],"yoast_head":"<!-- This site is optimized with the Yoast SEO plugin v27.4 - https:\/\/yoast.com\/product\/yoast-seo-wordpress\/ -->\n<title>Imprint - nabo<\/title>\n<meta name=\"robots\" content=\"index, follow, max-snippet:-1, max-image-preview:large, max-video-preview:-1\" \/>\n<link rel=\"canonical\" href=\"https:\/\/nabo.de\/en\/imprint\/\" \/>\n<meta property=\"og:locale\" content=\"en_US\" \/>\n<meta property=\"og:type\" content=\"article\" \/>\n<meta property=\"og:title\" content=\"Imprint - nabo\" \/>\n<meta property=\"og:description\" content=\"Angaben gem\u00e4\u00df \u00a75 TMGNabo GassRheingaustra\u00dfe 85b65203 Wiesbaden Inhaber:Nabo Gass Kontakt:E-Mail:&nbsp;info@nabo.de Umsatzsteuer-ID:Umsatzsteuer-Identifikationsnummer gem\u00e4\u00df \u00a7 27 aUmsatzsteuergesetz:&nbsp;DE113775254 Haftung f\u00fcr InhalteDie Inhalte unserer Seiten wurden mit gr\u00f6\u00dfter Sorgfalt erstellt. F\u00fcr die Richtigkeit, Vollst\u00e4ndigkeit und Aktualit\u00e4t der Inhalte k\u00f6nnen wir jedoch keine Gew\u00e4hr \u00fcbernehmen. Als Diensteanbieter sind wir gem\u00e4\u00df \u00a7 7 Abs.1 TMG f\u00fcr eigene Inhalte auf diesen Seiten ... Weiterlesen ...\" \/>\n<meta property=\"og:url\" content=\"https:\/\/nabo.de\/en\/imprint\/\" \/>\n<meta property=\"og:site_name\" content=\"nabo\" \/>\n<meta property=\"article:modified_time\" content=\"2025-07-04T09:56:58+00:00\" \/>\n<meta name=\"twitter:card\" content=\"summary_large_image\" \/>\n<script type=\"application\/ld+json\" class=\"yoast-schema-graph\">{\"@context\":\"https:\\\/\\\/schema.org\",\"@graph\":[{\"@type\":\"WebPage\",\"@id\":\"https:\\\/\\\/nabo.de\\\/en\\\/imprint\\\/\",\"url\":\"https:\\\/\\\/nabo.de\\\/en\\\/imprint\\\/\",\"name\":\"Imprint - nabo\",\"isPartOf\":{\"@id\":\"https:\\\/\\\/nabo.de\\\/#website\"},\"datePublished\":\"2025-07-04T09:56:57+00:00\",\"dateModified\":\"2025-07-04T09:56:58+00:00\",\"breadcrumb\":{\"@id\":\"https:\\\/\\\/nabo.de\\\/en\\\/imprint\\\/#breadcrumb\"},\"inLanguage\":\"en-US\",\"potentialAction\":[{\"@type\":\"ReadAction\",\"target\":[\"https:\\\/\\\/nabo.de\\\/en\\\/imprint\\\/\"]}]},{\"@type\":\"BreadcrumbList\",\"@id\":\"https:\\\/\\\/nabo.de\\\/en\\\/imprint\\\/#breadcrumb\",\"itemListElement\":[{\"@type\":\"ListItem\",\"position\":1,\"name\":\"Startseite\",\"item\":\"https:\\\/\\\/nabo.de\\\/en\\\/\"},{\"@type\":\"ListItem\",\"position\":2,\"name\":\"Imprint\"}]},{\"@type\":\"WebSite\",\"@id\":\"https:\\\/\\\/nabo.de\\\/#website\",\"url\":\"https:\\\/\\\/nabo.de\\\/\",\"name\":\"nabo\",\"description\":\"atelier f\u00fcr glasmalerei und kunst am bau\",\"publisher\":{\"@id\":\"https:\\\/\\\/nabo.de\\\/#organization\"},\"potentialAction\":[{\"@type\":\"SearchAction\",\"target\":{\"@type\":\"EntryPoint\",\"urlTemplate\":\"https:\\\/\\\/nabo.de\\\/?s={search_term_string}\"},\"query-input\":{\"@type\":\"PropertyValueSpecification\",\"valueRequired\":true,\"valueName\":\"search_term_string\"}}],\"inLanguage\":\"en-US\"},{\"@type\":\"Organization\",\"@id\":\"https:\\\/\\\/nabo.de\\\/#organization\",\"name\":\"nabo\",\"url\":\"https:\\\/\\\/nabo.de\\\/\",\"logo\":{\"@type\":\"ImageObject\",\"inLanguage\":\"en-US\",\"@id\":\"https:\\\/\\\/nabo.de\\\/#\\\/schema\\\/logo\\\/image\\\/\",\"url\":\"https:\\\/\\\/nabo.de\\\/wp-content\\\/uploads\\\/2025\\\/03\\\/cropped-logo-vector.png\",\"contentUrl\":\"https:\\\/\\\/nabo.de\\\/wp-content\\\/uploads\\\/2025\\\/03\\\/cropped-logo-vector.png\",\"width\":400,\"height\":125,\"caption\":\"nabo\"},\"image\":{\"@id\":\"https:\\\/\\\/nabo.de\\\/#\\\/schema\\\/logo\\\/image\\\/\"}}]}<\/script>\n<!-- \/ Yoast SEO plugin. -->","yoast_head_json":{"title":"Imprint - nabo","robots":{"index":"index","follow":"follow","max-snippet":"max-snippet:-1","max-image-preview":"max-image-preview:large","max-video-preview":"max-video-preview:-1"},"canonical":"https:\/\/nabo.de\/en\/imprint\/","og_locale":"en_US","og_type":"article","og_title":"Imprint - nabo","og_description":"Angaben gem\u00e4\u00df \u00a75 TMGNabo GassRheingaustra\u00dfe 85b65203 Wiesbaden Inhaber:Nabo Gass Kontakt:E-Mail:&nbsp;info@nabo.de Umsatzsteuer-ID:Umsatzsteuer-Identifikationsnummer gem\u00e4\u00df \u00a7 27 aUmsatzsteuergesetz:&nbsp;DE113775254 Haftung f\u00fcr InhalteDie Inhalte unserer Seiten wurden mit gr\u00f6\u00dfter Sorgfalt erstellt. F\u00fcr die Richtigkeit, Vollst\u00e4ndigkeit und Aktualit\u00e4t der Inhalte k\u00f6nnen wir jedoch keine Gew\u00e4hr \u00fcbernehmen. Als Diensteanbieter sind wir gem\u00e4\u00df \u00a7 7 Abs.1 TMG f\u00fcr eigene Inhalte auf diesen Seiten ... Weiterlesen ...","og_url":"https:\/\/nabo.de\/en\/imprint\/","og_site_name":"nabo","article_modified_time":"2025-07-04T09:56:58+00:00","twitter_card":"summary_large_image","schema":{"@context":"https:\/\/schema.org","@graph":[{"@type":"WebPage","@id":"https:\/\/nabo.de\/en\/imprint\/","url":"https:\/\/nabo.de\/en\/imprint\/","name":"Imprint - nabo","isPartOf":{"@id":"https:\/\/nabo.de\/#website"},"datePublished":"2025-07-04T09:56:57+00:00","dateModified":"2025-07-04T09:56:58+00:00","breadcrumb":{"@id":"https:\/\/nabo.de\/en\/imprint\/#breadcrumb"},"inLanguage":"en-US","potentialAction":[{"@type":"ReadAction","target":["https:\/\/nabo.de\/en\/imprint\/"]}]},{"@type":"BreadcrumbList","@id":"https:\/\/nabo.de\/en\/imprint\/#breadcrumb","itemListElement":[{"@type":"ListItem","position":1,"name":"Startseite","item":"https:\/\/nabo.de\/en\/"},{"@type":"ListItem","position":2,"name":"Imprint"}]},{"@type":"WebSite","@id":"https:\/\/nabo.de\/#website","url":"https:\/\/nabo.de\/","name":"nabo","description":"atelier f\u00fcr glasmalerei und kunst am bau","publisher":{"@id":"https:\/\/nabo.de\/#organization"},"potentialAction":[{"@type":"SearchAction","target":{"@type":"EntryPoint","urlTemplate":"https:\/\/nabo.de\/?s={search_term_string}"},"query-input":{"@type":"PropertyValueSpecification","valueRequired":true,"valueName":"search_term_string"}}],"inLanguage":"en-US"},{"@type":"Organization","@id":"https:\/\/nabo.de\/#organization","name":"nabo","url":"https:\/\/nabo.de\/","logo":{"@type":"ImageObject","inLanguage":"en-US","@id":"https:\/\/nabo.de\/#\/schema\/logo\/image\/","url":"https:\/\/nabo.de\/wp-content\/uploads\/2025\/03\/cropped-logo-vector.png","contentUrl":"https:\/\/nabo.de\/wp-content\/uploads\/2025\/03\/cropped-logo-vector.png","width":400,"height":125,"caption":"nabo"},"image":{"@id":"https:\/\/nabo.de\/#\/schema\/logo\/image\/"}}]}},"_links":{"self":[{"href":"https:\/\/nabo.de\/en\/wp-json\/wp\/v2\/pages\/6107","targetHints":{"allow":["GET"]}}],"collection":[{"href":"https:\/\/nabo.de\/en\/wp-json\/wp\/v2\/pages"}],"about":[{"href":"https:\/\/nabo.de\/en\/wp-json\/wp\/v2\/types\/page"}],"author":[{"embeddable":true,"href":"https:\/\/nabo.de\/en\/wp-json\/wp\/v2\/users\/30"}],"replies":[{"embeddable":true,"href":"https:\/\/nabo.de\/en\/wp-json\/wp\/v2\/comments?post=6107"}],"version-history":[{"count":0,"href":"https:\/\/nabo.de\/en\/wp-json\/wp\/v2\/pages\/6107\/revisions"}],"wp:attachment":[{"href":"https:\/\/nabo.de\/en\/wp-json\/wp\/v2\/media?parent=6107"}],"curies":[{"name":"wp","href":"https:\/\/api.w.org\/{rel}","templated":true}]}}